{"id":78441,"date":"2023-04-07T05:55:56","date_gmt":"2023-04-07T02:55:56","guid":{"rendered":"http:\/\/192.168.0.130:10023\/?page_id=78441"},"modified":"2023-10-11T11:24:19","modified_gmt":"2023-10-11T08:24:19","slug":"iletisim","status":"publish","type":"page","link":"https:\/\/cankutsan.com\/en\/iletisim\/","title":{"rendered":"Contact Us"},"content":{"rendered":"<div data-elementor-type=\"wp-page\" data-elementor-id=\"78441\" class=\"elementor elementor-78441\">\n\t\t\t\t\t\t<section class=\"default no-position elementor-section elementor-top-section elementor-element elementor-element-f0f4fc7 elementor-section-boxed elementor-section-height-default elementor-section-height-default\" data-id=\"f0f4fc7\" data-element_type=\"section\" data-e-type=\"section\">\n\t\t\t\t\t\t<div class=\"elementor-container elementor-column-gap-default\">\n\t\t\t\t\t<div class=\"elementor-column elementor-col-50 elementor-top-column elementor-element elementor-element-4bf93db\" data-id=\"4bf93db\" data-element_type=\"column\" data-e-type=\"column\">\n\t\t\t<div class=\"elementor-widget-wrap elementor-element-populated\">\n\t\t\t\t\t\t<div class=\"elementor-element elementor-element-ed9b646 elementor-widget elementor-widget-rs-heading\" data-id=\"ed9b646\" data-element_type=\"widget\" data-e-type=\"widget\" data-widget_type=\"rs-heading.default\">\n\t\t\t\t<div class=\"elementor-widget-container\">\n\t\t\t\t\t\n        <div class=\"prelements-heading default animate-  normal_color  subnormal_color dots_no subnormal_color\">\n        \t<div class=\"title-inner\">      \t\t\n\t            <h2 class=\"title\"><span class=\"watermark\"><\/span>\u00c7ANKUTSAN AMBALAJ<\/h2>\t\t\t\t\n\t\t\t\t\t        <\/div>\n\t                    \t<div class=\"description\">\n            \t\t            \t\t<p>Kaliteli \u00fcretim ve y\u00fcksek oranl\u0131 b\u00fcy\u00fcmeyi s\u00fcrd\u00fcr\u00fclebilir hale getirerek, ambalaj sekt\u00f6r\u00fcnde lider bir kurulu\u015f, k\u00fcresel bir marka!<\/p>  \n            \t<\/div>\n        \t        <\/div>\n        \t\t\t\t<\/div>\n\t\t\t\t<\/div>\n\t\t\t\t<section class=\"default no-position elementor-section elementor-inner-section elementor-element elementor-element-7a3c807 elementor-section-boxed elementor-section-height-default elementor-section-height-default\" data-id=\"7a3c807\" data-element_type=\"section\" data-e-type=\"section\" data-settings=\"{&quot;background_background&quot;:&quot;classic&quot;}\">\n\t\t\t\t\t\t<div class=\"elementor-container elementor-column-gap-default\">\n\t\t\t\t\t<div class=\"elementor-column elementor-col-50 elementor-inner-column elementor-element elementor-element-c0264ee\" data-id=\"c0264ee\" data-element_type=\"column\" data-e-type=\"column\">\n\t\t\t<div class=\"elementor-widget-wrap elementor-element-populated\">\n\t\t\t\t\t\t<div class=\"elementor-element elementor-element-a5eaedf elementor-widget elementor-widget-rs-heading\" data-id=\"a5eaedf\" data-element_type=\"widget\" data-e-type=\"widget\" data-widget_type=\"rs-heading.default\">\n\t\t\t\t<div class=\"elementor-widget-container\">\n\t\t\t\t\t\n        <div class=\"prelements-heading default animate-  normal_color  subnormal_color dots_no subnormal_color\">\n        \t<div class=\"title-inner\">      \t\t\n\t            <h5 class=\"title\"><span class=\"watermark\"><\/span>\u0130leti\u015fim Bilgileri:<\/h5>\t\t\t\t\n\t\t\t\t\t        <\/div>\n\t                <\/div>\n        \t\t\t\t<\/div>\n\t\t\t\t<\/div>\n\t\t\t\t<div class=\"elementor-element elementor-element-b3c775c elementor-widget elementor-widget-rs-contact-box\" data-id=\"b3c775c\" data-element_type=\"widget\" data-e-type=\"widget\" data-widget_type=\"rs-contact-box.default\">\n\t\t\t\t<div class=\"elementor-widget-container\">\n\t\t\t\t\t\t\t\r\n\r\n\t\t<!-- Style 1 Start -->\r\n\t\t<div class=\"rs-contact-box\">\r\n\r\n\t\t\t\t\t\t<div class=\"address-item boxstyle2\">\r\n\r\n\t\t\t\t\t\t\t            <div class=\"address-icon icon_1 elementor-repeater-item-9322a28\">\r\n\t\t            \t<svg xmlns=\"http:\/\/www.w3.org\/2000\/svg\" viewbox=\"0 0 24 24\"><path d=\"M2 5L9 2L15 5L21.303 2.2987C21.5569 2.18992 21.8508 2.30749 21.9596 2.56131C21.9862 2.62355 22 2.69056 22 2.75827V19L15 22L9 19L2.69696 21.7013C2.44314 21.8101 2.14921 21.6925 2.04043 21.4387C2.01375 21.3765 2 21.3094 2 21.2417V5ZM16 19.3955L20 17.6812V5.03308L16 6.74736V19.3955ZM14 19.2639V6.73607L10 4.73607V17.2639L14 19.2639ZM8 17.2526V4.60451L4 6.31879V18.9669L8 17.2526Z\" fill=\"rgba(82,62,232,1)\"><\/path><\/svg>\t\t            <\/div>\r\n\t\t            \r\n\t\t            <div class=\"address-text\">\r\n\t\t            \t\t\t            \t<div class=\"text\">\r\n\t\t            \t\t\t\t            \t\t <span class=\"label\">Address:<\/span>\r\n\t\t            \t\t\t\t            \t\t\t\t            \t\t<span class=\"des\">\r\n\t\t\t\t                Yeni O.S.B Mah. \u0130lhan G\u00fcrsel Cad. \u00c7ankutsan Sitesi No:13\/A \u015eaban\u00f6z\u00fc \/ \u00c7ANKIRI\t\t\t\t            <\/span>\r\n\t\t\t\t            \t\t\t            <\/div>\r\n\t\t\t       \t\t\t\t\t\t\t\t   \r\n\r\n\r\n\t\t            \t\t\t\t\t\t\t   \r\n\r\n\t\t            \t\t\t\t\t\t\t   \r\n\t\t            <\/div>\r\n\t\t\t\t\t<span class=\"des-right-icon\"><\/span>\r\n\t\t        <\/div>\r\n\t\t\t\t\t<\/div>\r\n\r\n\t<!-- Style 1 End -->\t\r\n\t\t\r\n\t\t\t\t\t<\/div>\n\t\t\t\t<\/div>\n\t\t\t\t\t<\/div>\n\t\t<\/div>\n\t\t\t\t<div class=\"elementor-column elementor-col-50 elementor-inner-column elementor-element elementor-element-1c2c418\" data-id=\"1c2c418\" data-element_type=\"column\" data-e-type=\"column\">\n\t\t\t<div class=\"elementor-widget-wrap elementor-element-populated\">\n\t\t\t\t\t\t<div class=\"elementor-element elementor-element-c196006 rs__phone_lr elementor-widget elementor-widget-rs-contact-box\" data-id=\"c196006\" data-element_type=\"widget\" data-e-type=\"widget\" data-widget_type=\"rs-contact-box.default\">\n\t\t\t\t<div class=\"elementor-widget-container\">\n\t\t\t\t\t\t\t\r\n\r\n\t\t<!-- Style 1 Start -->\r\n\t\t<div class=\"rs-contact-box\">\r\n\r\n\t\t\t\t\t\t<div class=\"address-item boxstyle2\">\r\n\r\n\t\t\t\t\t\t\t            <div class=\"address-icon icon_1 elementor-repeater-item-9322a28\">\r\n\t\t            \t<svg xmlns=\"http:\/\/www.w3.org\/2000\/svg\" width=\"24\" height=\"24\" viewbox=\"0 0 24 24\" fill=\"none\" stroke=\"#523ee8\" stroke-width=\"2\" stroke-linecap=\"round\" stroke-linejoin=\"round\" class=\"feather feather-phone-call\"><path d=\"M15.05 5A5 5 0 0 1 19 8.95M15.05 1A9 9 0 0 1 23 8.94m-1 7.98v3a2 2 0 0 1-2.18 2 19.79 19.79 0 0 1-8.63-3.07 19.5 19.5 0 0 1-6-6 19.79 19.79 0 0 1-3.07-8.67A2 2 0 0 1 4.11 2h3a2 2 0 0 1 2 1.72 12.84 12.84 0 0 0 .7 2.81 2 2 0 0 1-.45 2.11L8.09 9.91a16 16 0 0 0 6 6l1.27-1.27a2 2 0 0 1 2.11-.45 12.84 12.84 0 0 0 2.81.7A2 2 0 0 1 22 16.92z\"><\/path><\/svg>\t\t            <\/div>\r\n\t\t            \r\n\t\t            <div class=\"address-text\">\r\n\t\t            \t\t\t            \t<div class=\"text\">\r\n\t\t            \t\t\t\t            \t\t <span class=\"label\">\u0130leti\u015fim:<\/span>\r\n\t\t            \t\t\t\t            \t\t\t\t            \t\t<span class=\"des\">\r\n\t\t\t\t                +90 (0376) 518 15 98\t\t\t\t            <\/span>\r\n\t\t\t\t            \t\t\t            <\/div>\r\n\t\t\t       \t\t\t\t\t\t\t\t   \r\n\r\n\r\n\t\t            \t\t\t\t\t\t\t   \r\n\r\n\t\t            \t\t\t\t\t\t\t   \r\n\t\t            <\/div>\r\n\t\t\t\t\t<span class=\"des-right-icon\"><\/span>\r\n\t\t        <\/div>\r\n\t\t\t\t\t\t\t<div class=\"address-item boxstyle2\">\r\n\r\n\t\t\t\t\t\t\t            <div class=\"address-icon icon_2 elementor-repeater-item-4934d5c\">\r\n\t\t            \t<svg xmlns=\"http:\/\/www.w3.org\/2000\/svg\" viewbox=\"0 0 24 24\"><path d=\"M21 3C21.5523 3 22 3.44772 22 4V20.0066C22 20.5552 21.5447 21 21.0082 21H2.9918C2.44405 21 2 20.5551 2 20.0066V19H20V7.3L12 14.5L2 5.5V4C2 3.44772 2.44772 3 3 3H21ZM8 15V17H0V15H8ZM5 10V12H0V10H5ZM19.5659 5H4.43414L12 11.8093L19.5659 5Z\" fill=\"rgba(82,62,232,1)\"><\/path><\/svg>\t\t            <\/div>\r\n\t\t            \r\n\t\t            <div class=\"address-text\">\r\n\t\t            \t\t\t            \t<div class=\"text\">\r\n\t\t            \t\t\t\t            \t\t <span class=\"label\">E-Posta<\/span>\r\n\t\t            \t\t\t\t            \t\t\t\t            \t\t<span class=\"des\">\r\n\t\t\t\t                info@cankutsan.com\t\t\t\t            <\/span>\r\n\t\t\t\t            \t\t\t            <\/div>\r\n\t\t\t       \t\t\t\t\t\t\t\t   \r\n\r\n\r\n\t\t            \t\t\t\t\t\t\t   \r\n\r\n\t\t            \t\t\t\t\t\t\t   \r\n\t\t            <\/div>\r\n\t\t\t\t\t<span class=\"des-right-icon\"><\/span>\r\n\t\t        <\/div>\r\n\t\t\t\t\t<\/div>\r\n\r\n\t<!-- Style 1 End -->\t\r\n\t\t\r\n\t\t\t\t\t<\/div>\n\t\t\t\t<\/div>\n\t\t\t\t\t<\/div>\n\t\t<\/div>\n\t\t\t\t\t<\/div>\n\t\t<\/section>\n\t\t\t\t<section class=\"default no-position elementor-section elementor-inner-section elementor-element elementor-element-96af306 elementor-section-boxed elementor-section-height-default elementor-section-height-default\" data-id=\"96af306\" data-element_type=\"section\" data-e-type=\"section\" data-settings=\"{&quot;background_background&quot;:&quot;classic&quot;}\">\n\t\t\t\t\t\t<div class=\"elementor-container elementor-column-gap-default\">\n\t\t\t\t\t<div class=\"elementor-column elementor-col-100 elementor-inner-column elementor-element elementor-element-e0843f9\" data-id=\"e0843f9\" data-element_type=\"column\" data-e-type=\"column\">\n\t\t\t<div class=\"elementor-widget-wrap elementor-element-populated\">\n\t\t\t\t\t\t<div class=\"elementor-element elementor-element-f96fb71 elementor-widget elementor-widget-rs-heading\" data-id=\"f96fb71\" data-element_type=\"widget\" data-e-type=\"widget\" data-widget_type=\"rs-heading.default\">\n\t\t\t\t<div class=\"elementor-widget-container\">\n\t\t\t\t\t\n        <div class=\"prelements-heading default animate-  normal_color  subnormal_color dots_no subnormal_color\">\n        \t<div class=\"title-inner\">      \t\t\n\t            <h5 class=\"title\"><span class=\"watermark\"><\/span>Bizi Takip Edin!<\/h5>\t\t\t\t\n\t\t\t\t\t        <\/div>\n\t                <\/div>\n        \t\t\t\t<\/div>\n\t\t\t\t<\/div>\n\t\t\t\t<div class=\"elementor-element elementor-element-291aee9 elementor-shape-circle elementor-grid-0 elementor-widget elementor-widget-social-icons\" data-id=\"291aee9\" data-element_type=\"widget\" data-e-type=\"widget\" data-widget_type=\"social-icons.default\">\n\t\t\t\t<div class=\"elementor-widget-container\">\n\t\t\t\t\t\t\t<div class=\"elementor-social-icons-wrapper elementor-grid\">\n\t\t\t\t\t\t\t<span class=\"elementor-grid-item\">\n\t\t\t\t\t<a class=\"elementor-icon elementor-social-icon elementor-social-icon-instagram elementor-repeater-item-d500bdc\" href=\"https:\/\/www.instagram.com\/cankutsan\/\" target=\"_blank\">\n\t\t\t\t\t\t<span class=\"elementor-screen-only\">Instagram<\/span>\n\t\t\t\t\t\t<i aria-hidden=\"true\" class=\"fab fa-instagram\"><\/i>\t\t\t\t\t<\/a>\n\t\t\t\t<\/span>\n\t\t\t\t\t<\/div>\n\t\t\t\t\t\t<\/div>\n\t\t\t\t<\/div>\n\t\t\t\t\t<\/div>\n\t\t<\/div>\n\t\t\t\t\t<\/div>\n\t\t<\/section>\n\t\t\t\t\t<\/div>\n\t\t<\/div>\n\t\t\t\t<div class=\"elementor-column elementor-col-50 elementor-top-column elementor-element elementor-element-44e728f\" data-id=\"44e728f\" data-element_type=\"column\" data-e-type=\"column\" data-settings=\"{&quot;background_background&quot;:&quot;classic&quot;}\">\n\t\t\t<div class=\"elementor-widget-wrap elementor-element-populated\">\n\t\t\t\t\t\t<div class=\"elementor-element elementor-element-712e216 elementor-widget elementor-widget-rs-heading\" data-id=\"712e216\" data-element_type=\"widget\" data-e-type=\"widget\" data-widget_type=\"rs-heading.default\">\n\t\t\t\t<div class=\"elementor-widget-container\">\n\t\t\t\t\t\n        <div class=\"prelements-heading default animate-  normal_color  subnormal_color dots_no subnormal_color\">\n        \t<div class=\"title-inner\">      \t\t\n\t            <h2 class=\"title\"><span class=\"watermark\"><\/span>Bize mesaj b\u0131rak\u0131n, size d\u00f6n\u00fc\u015f sa\u011flayal\u0131m.<\/h2>\t\t\t\t\n\t\t\t\t\t        <\/div>\n\t                    \t<div class=\"description\">\n            \t\t            \t\t<p>A\u015fa\u011f\u0131daki forumu eksiksiz doldurarak, size geri d\u00f6n\u00fc\u015f sa\u011flamam\u0131z\u0131 bekleyebilirsiniz.<\/p>  \n            \t<\/div>\n        \t        <\/div>\n        \t\t\t\t<\/div>\n\t\t\t\t<\/div>\n\t\t\t\t<div class=\"elementor-element elementor-element-97dc10d elementor-widget elementor-widget-rs-cf7\" data-id=\"97dc10d\" data-element_type=\"widget\" data-e-type=\"widget\" data-widget_type=\"rs-cf7.default\">\n\t\t\t\t<div class=\"elementor-widget-container\">\n\t\t\t\t\t\n<div class=\"wpcf7 no-js\" id=\"wpcf7-f78596-o1\" lang=\"en-US\" dir=\"ltr\" data-wpcf7-id=\"78596\">\n<div class=\"screen-reader-response\"><p role=\"status\" aria-live=\"polite\" aria-atomic=\"true\"><\/p> <ul><\/ul><\/div>\n<form action=\"\/en\/wp-json\/wp\/v2\/pages\/78441#wpcf7-f78596-o1\" method=\"post\" class=\"wpcf7-form init\" aria-label=\"Contact form\" novalidate=\"novalidate\" data-status=\"init\" data-trp-original-action=\"\/en\/wp-json\/wp\/v2\/pages\/78441#wpcf7-f78596-o1\">\n<fieldset class=\"hidden-fields-container\"><input type=\"hidden\" name=\"_wpcf7\" value=\"78596\" \/><input type=\"hidden\" name=\"_wpcf7_version\" value=\"6.1.5\" \/><input type=\"hidden\" name=\"_wpcf7_locale\" value=\"en_US\" \/><input type=\"hidden\" name=\"_wpcf7_unit_tag\" value=\"wpcf7-f78596-o1\" \/><input type=\"hidden\" name=\"_wpcf7_container_post\" value=\"0\" \/><input type=\"hidden\" name=\"_wpcf7_posted_data_hash\" value=\"\" \/>\n<\/fieldset>\n<div class=\"row gutter-20\">\n\t<div class=\"col-md-6\">\n\t\t<p><span class=\"wpcf7-form-control-wrap\" data-name=\"your-name\"><input size=\"40\" maxlength=\"400\" class=\"wpcf7-form-control wpcf7-text wpcf7-validates-as-required\" aria-required=\"true\" aria-invalid=\"false\" placeholder=\"Ad\u0131n\u0131z &amp; Soyad\u0131n\u0131z\" value=\"\" type=\"text\" name=\"your-name\" \/><\/span>\n\t\t<\/p>\n\t<\/div>\n\t<div class=\"col-md-6\">\n\t\t<p><span class=\"wpcf7-form-control-wrap\" data-name=\"your-email\"><input size=\"40\" maxlength=\"400\" class=\"wpcf7-form-control wpcf7-email wpcf7-validates-as-required wpcf7-text wpcf7-validates-as-email\" aria-required=\"true\" aria-invalid=\"false\" placeholder=\"E-Posta Adresiniz\" value=\"\" type=\"email\" name=\"your-email\" \/><\/span>\n\t\t<\/p>\n\t<\/div>\n\t<div class=\"col-md-6\">\n\t\t<p><span class=\"wpcf7-form-control-wrap\" data-name=\"your-topic\"><input size=\"40\" maxlength=\"400\" class=\"wpcf7-form-control wpcf7-text wpcf7-validates-as-required\" aria-required=\"true\" aria-invalid=\"false\" placeholder=\"Konu Ba\u015fl\u0131\u011f\u0131\" value=\"\" type=\"text\" name=\"your-topic\" \/><\/span>\n\t\t<\/p>\n\t<\/div>\n\t<div class=\"col-md-6\">\n\t\t<p><span class=\"wpcf7-form-control-wrap\" data-name=\"your-phone\"><input size=\"40\" maxlength=\"400\" class=\"wpcf7-form-control wpcf7-text wpcf7-validates-as-required\" aria-required=\"true\" aria-invalid=\"false\" placeholder=\"Telefon Numaran\u0131z\" value=\"\" type=\"text\" name=\"your-phone\" \/><\/span>\n\t\t<\/p>\n\t<\/div>\n\t<div class=\"col-md-12\">\n\t\t<p><span class=\"wpcf7-form-control-wrap\" data-name=\"your-message\"><textarea cols=\"40\" rows=\"10\" maxlength=\"2000\" class=\"wpcf7-form-control wpcf7-textarea wpcf7-validates-as-required\" aria-required=\"true\" aria-invalid=\"false\" placeholder=\"Mesaj \u0130\u00e7eri\u011finiz\" name=\"your-message\"><\/textarea><\/span>\n\t\t<\/p>\n\t<\/div>\n\t<div class=\"col-md-12\">\n\t\t<div class=\"form-btn-area relate-arrow\">\n\t\t\t<p><span class=\"btn_area\"><input class=\"wpcf7-form-control wpcf7-submit has-spinner\" type=\"submit\" value=\"Mesaj G\u00f6nder\" \/><br \/>\n<i class=\"rs-arrrow light\"><\/i><\/span>\n\t\t\t<\/p>\n\t\t<\/div>\n\t<\/div>\n<\/div><div class=\"wpcf7-response-output\" aria-hidden=\"true\"><\/div>\n<input type=\"hidden\" name=\"trp-form-language\" value=\"en\"\/><\/form>\n<\/div>\n\t\t\t\t<\/div>\n\t\t\t\t<\/div>\n\t\t\t\t\t<\/div>\n\t\t<\/div>\n\t\t\t\t\t<\/div>\n\t\t<\/section>\n\t\t\t\t<section class=\"default no-position elementor-section elementor-top-section elementor-element elementor-element-d29d796 elementor-section-full_width elementor-section-height-default elementor-section-height-default\" data-id=\"d29d796\" data-element_type=\"section\" data-e-type=\"section\">\n\t\t\t\t\t\t<div class=\"elementor-container elementor-column-gap-default\">\n\t\t\t\t\t<div class=\"elementor-column elementor-col-100 elementor-top-column elementor-element elementor-element-b34a0ef\" data-id=\"b34a0ef\" data-element_type=\"column\" data-e-type=\"column\">\n\t\t\t<div class=\"elementor-widget-wrap elementor-element-populated\">\n\t\t\t\t\t\t<div class=\"elementor-element elementor-element-4aeb123 elementor-widget elementor-widget-google_maps\" data-id=\"4aeb123\" data-element_type=\"widget\" data-e-type=\"widget\" data-widget_type=\"google_maps.default\">\n\t\t\t\t<div class=\"elementor-widget-container\">\n\t\t\t\t\t\t\t<div class=\"elementor-custom-embed\">\n\t\t\t<iframe\n\t\t\t\t\tdata-src=\"https:\/\/maps.google.com\/maps?q=%C3%87ankutsan&#038;t=m&#038;z=10&#038;output=embed&#038;iwloc=near\"\n\t\t\t\t\ttitle=\"\u00c7ankutsan\"\n\t\t\t\t\taria-label=\"\u00c7ankutsan\"\n\t\t\t src=\"data:image\/svg+xml;base64,PHN2ZyB3aWR0aD0iMSIgaGVpZ2h0PSIxIiB4bWxucz0iaHR0cDovL3d3dy53My5vcmcvMjAwMC9zdmciPjwvc3ZnPg==\" class=\"lazyload\" data-load-mode=\"1\"><\/iframe>\n\t\t<\/div>\n\t\t\t\t\t\t<\/div>\n\t\t\t\t<\/div>\n\t\t\t\t\t<\/div>\n\t\t<\/div>\n\t\t\t\t\t<\/div>\n\t\t<\/section>\n\t\t\t\t<\/div>","protected":false},"excerpt":{"rendered":"<p>\u00c7ANKUTSAN AMBALAJ Kaliteli \u00fcretim ve y\u00fcksek oranl\u0131 b\u00fcy\u00fcmeyi s\u00fcrd\u00fcr\u00fclebilir hale getirerek, ambalaj sekt\u00f6r\u00fcnde lider bir kurulu\u015f, k\u00fcresel bir marka! \u0130leti\u015fim Bilgileri: Adres: Yeni O.S.B Mah. \u0130lhan G\u00fcrsel Cad. \u00c7ankutsan Sitesi No:13\/A \u015eaban\u00f6z\u00fc \/ \u00c7ANKIRI \u0130leti\u015fim: +90 (0376) 518 15 98 E-Posta info@cankutsan.com Bizi Takip Edin! Instagram Bize mesaj b\u0131rak\u0131n, size d\u00f6n\u00fc\u015f sa\u011flayal\u0131m. A\u015fa\u011f\u0131daki forumu eksiksiz&#8230;<\/p>","protected":false},"author":2,"featured_media":0,"parent":0,"menu_order":0,"comment_status":"closed","ping_status":"closed","template":"elementor_header_footer","meta":{"_acf_changed":false,"_monsterinsights_skip_tracking":false,"_monsterinsights_sitenote_active":false,"_monsterinsights_sitenote_note":"","_monsterinsights_sitenote_category":0,"footnotes":""},"class_list":["post-78441","page","type-page","status-publish","hentry"],"acf":[],"aioseo_notices":[],"_links":{"self":[{"href":"https:\/\/cankutsan.com\/en\/wp-json\/wp\/v2\/pages\/78441","targetHints":{"allow":["GET"]}}],"collection":[{"href":"https:\/\/cankutsan.com\/en\/wp-json\/wp\/v2\/pages"}],"about":[{"href":"https:\/\/cankutsan.com\/en\/wp-json\/wp\/v2\/types\/page"}],"author":[{"embeddable":true,"href":"https:\/\/cankutsan.com\/en\/wp-json\/wp\/v2\/users\/2"}],"replies":[{"embeddable":true,"href":"https:\/\/cankutsan.com\/en\/wp-json\/wp\/v2\/comments?post=78441"}],"version-history":[{"count":14,"href":"https:\/\/cankutsan.com\/en\/wp-json\/wp\/v2\/pages\/78441\/revisions"}],"predecessor-version":[{"id":92885,"href":"https:\/\/cankutsan.com\/en\/wp-json\/wp\/v2\/pages\/78441\/revisions\/92885"}],"wp:attachment":[{"href":"https:\/\/cankutsan.com\/en\/wp-json\/wp\/v2\/media?parent=78441"}],"curies":[{"name":"wp","href":"https:\/\/api.w.org\/{rel}","templated":true}]}}